{"id":444,"date":"2022-03-02T10:19:02","date_gmt":"2022-03-02T10:19:02","guid":{"rendered":"https:\/\/startersites.io\/blocksy\/home-decor\/?page_id=8"},"modified":"2026-01-29T22:16:40","modified_gmt":"2026-01-29T22:16:40","slug":"services","status":"publish","type":"page","link":"https:\/\/www.emmanuellagarrigue.com\/index.php\/services\/","title":{"rendered":"About"},"content":{"rendered":"\n<div class=\"wp-block-stackable-columns alignfull stk-block-columns stk-block stk-7ef4b91 stk-block-background\" data-block-id=\"7ef4b91\"><style>.stk-7ef4b91 {background-color:var(--theme-palette-color-5, #EEEEEE) !important;padding-top:20px !important;padding-bottom:20px !important;margin-bottom:0px !important;}.stk-7ef4b91:before{background-color:var(--theme-palette-color-5, #EEEEEE) !important;}@media screen and (max-width:999px){.stk-7ef4b91 {padding-top:80px !important;padding-bottom:80px !important;}}<\/style><div class=\"stk-row stk-inner-blocks stk-block-content stk-content-align stk-7ef4b91-column alignwide\">\n<div class=\"wp-block-stackable-column stk-block-column stk-column stk-block stk-a01f232\" data-v=\"4\" data-block-id=\"a01f232\"><style>.stk-a01f232-container{margin-top:0px !important;margin-right:0px !important;margin-bottom:0px !important;margin-left:0px !important;}<\/style><div class=\"stk-column-wrapper stk-block-column__content stk-container stk-a01f232-container stk--no-background stk--no-padding\"><div class=\"stk-block-content stk-inner-blocks stk-a01f232-inner-blocks\">\n<h3 class=\"wp-block-heading has-text-align-center has-80-font-size\">ABOUT<\/h3>\n<\/div><\/div><\/div>\n<\/div><\/div>\n\n\n\n<div class=\"wp-block-stackable-columns alignfull stk-block-columns stk-block stk-8a34660 stk-block-background\" data-block-id=\"8a34660\"><style>.stk-8a34660 {padding-top:0px !important;padding-bottom:0px !important;margin-bottom:0px !important;}@media screen and (max-width:999px){.stk-8a34660 {padding-top:80px !important;padding-bottom:80px !important;}}<\/style><div class=\"stk-row stk-inner-blocks stk-block-content stk-content-align stk-8a34660-column\">\n<div class=\"wp-block-stackable-column stk-block-column stk-column stk-block stk-35bea07\" data-v=\"4\" data-block-id=\"35bea07\"><style>.stk-35bea07-container{margin-top:0px !important;margin-right:0px !important;margin-bottom:0px !important;margin-left:0px !important;}<\/style><div class=\"stk-column-wrapper stk-block-column__content stk-container stk-35bea07-container stk--no-background stk--no-padding\"><div class=\"stk-block-content stk-inner-blocks stk-35bea07-inner-blocks\">\n<div class=\"wp-block-stackable-columns stk-block-columns stk-block stk-2279397\" data-block-id=\"2279397\"><style>.stk-2279397-column{--stk-column-gap:30px !important;row-gap:30px !important;}<\/style><div class=\"stk-row stk-inner-blocks stk-block-content stk-content-align stk-2279397-column\">\n<div class=\"wp-block-stackable-column stk-block-column stk-column stk-block stk-89c257c stk-block-background\" data-v=\"4\" data-block-id=\"89c257c\"><style>.stk-89c257c-container{margin-top:0px !important;margin-right:0px !important;margin-bottom:0px !important;margin-left:0px !important;}.stk-89c257c {background-color:var(--theme-palette-color-8, #ffffff) !important;box-shadow:0px 20px 80px 0px #c1c7d44d !important;padding-top:0px !important;padding-right:0px !important;padding-bottom:0px !important;padding-left:0px !important;margin-bottom:var(--stk--preset--spacing--50, 1.5rem) !important;}.stk-89c257c:before{background-color:var(--theme-palette-color-8, #ffffff) !important;}<\/style><div class=\"stk-column-wrapper stk-block-column__content stk-container stk-89c257c-container stk--no-background stk--no-padding\"><div class=\"stk-block-content stk-inner-blocks stk-89c257c-inner-blocks\">\n<div class=\"wp-block-stackable-columns stk-block-columns stk-block stk-fbd6ef2\" data-block-id=\"fbd6ef2\"><style>.stk-fbd6ef2 {margin-bottom:0px !important;}<\/style><div class=\"stk-row stk-inner-blocks stk-block-content stk-content-align stk-fbd6ef2-column\">\n<div class=\"wp-block-stackable-column stk-block-column stk-column stk-block stk-501bfef\" data-v=\"4\" data-block-id=\"501bfef\"><style>.stk-501bfef-container{margin-top:0px !important;margin-right:0px !important;margin-bottom:0px !important;margin-left:0px !important;}<\/style><div class=\"stk-column-wrapper stk-block-column__content stk-container stk-501bfef-container stk--no-background stk--no-padding\"><div class=\"stk-block-content stk-inner-blocks stk-501bfef-inner-blocks\"><\/div><\/div><\/div>\n<\/div><\/div>\n\n\n\n<div class=\"wp-block-stackable-columns stk-block-columns stk-block stk-25c05c2\" data-block-id=\"25c05c2\"><div class=\"stk-row stk-inner-blocks stk-block-content stk-content-align stk-25c05c2-column\">\n<div class=\"wp-block-stackable-column stk-block-column stk-column stk-block stk-4eef0dd\" data-v=\"4\" data-block-id=\"4eef0dd\"><style>.stk-4eef0dd-container{margin-top:0px !important;margin-right:0px !important;margin-bottom:0px !important;margin-left:0px !important;}.stk-4eef0dd {padding-top:45px !important;padding-right:45px !important;padding-bottom:45px !important;padding-left:45px !important;}@media screen and (max-width:999px){.stk-4eef0dd {padding-top:35px !important;padding-right:35px !important;padding-bottom:35px !important;padding-left:35px !important;}}<\/style><div class=\"stk-column-wrapper stk-block-column__content stk-container stk-4eef0dd-container stk--no-background stk--no-padding\"><div class=\"stk-block-content stk-inner-blocks stk-4eef0dd-inner-blocks\">\n<div class=\"wp-block-stackable-heading stk-block-heading stk-block-heading--v2 stk-block stk-20406ec\" id=\"eng\" data-block-id=\"20406ec\"><style>.stk-20406ec {margin-bottom:20px !important;}@media screen and (max-width:999px){.stk-20406ec .stk-block-heading__text{font-size:20px !important;}}<\/style><h4 class=\"stk-block-heading__text has-text-align-center-mobile\">ENG<\/h4><\/div>\n\n\n\n<div class=\"wp-block-stackable-text stk-block-text stk-block stk-35827b8\" data-block-id=\"35827b8\"><style>.stk-35827b8 {margin-bottom:30px !important;}<\/style><p class=\"stk-block-text__text has-text-align-center-mobile\">Emmanuel Lagarrigue trained in music at the Strasbourg Conservatory before turning to the visual arts. Sound has remained an important element of his work. Passionate about literature and cinema, his work has always led him to collaborate with numerous artists from all disciplines (writers, dancers, actors, musicians, etc.). His immersive installations have been shown in numerous museums (Centre Georges Pompidou, Palais de Tokyo, Grand Palais, Friche Belle de Mai, Song-Eun Museum in Seoul, West Bund in Shanghai, etc.). In recent years, he has also worked extensively in the performing arts: after a stage and choreographic creation at L&#8217;Onde, he created a one-woman show for Isabelle Adjani with writer Olivier Steiner, and has collaborated on numerous stage productions (Diego by Barth\u00e9l\u00e9my Fortier at the Festival d&#8217;Avignon, United Snakes by M\u00e9lanie Menu at the Th\u00e9\u00e2tre de l&#8217;Atelier, etc.). With the Compagnie du Dehors, he is preparing text-based installations based on texts by Christophe Pellet, Elsa Boyer, Alban Lefranc, and others. His first short film was released in 2026.<\/p><\/div>\n\n\n\n<p>\u2014\u2014\u2014\u2014\u2014\u2014\u2014\u2014<\/p>\n\n\n\n<p>Emmanuel Lagarrigue&#8217;s work has developed around the central themes of language, time, memory, experience, and perception. He particularly questions the processes of individual and societal construction, in their relationships with external elements as well as in the dimension of their transmission and sharing.<\/p>\n\n\n\n<p>Whether through sculpture or installation, most of his work raises questions about sharing and communicating experiences and knowledge. He works to find ways to \u201caugment\u201d the existence of a work by bringing it to life outside its original domain, offering it an \u201cexpanded\u201d life. He likes to think of his work as an interface between the free dimension of creation and the concrete dimension of life in context, through works that are totally in tune with their context of existence, conceived as genuine means of investigating reality.<\/p>\n\n\n\n<p>The idea of being together, of the common, of what unites and defines us at the same time, of what passes between us and makes us a group, is the main dimension he likes to explore. He likes to seek it out, discover it, and present it, leading people to recognize it and experience it together.<\/p>\n\n\n\n<p>The exploration of language is an important marker of this. Through its written and spoken use, and through the physical impact he gives it in his sculptures and installations, Emmanuel Lagarrigue seeks to develop a hypertextual universe where the processes of transformation, translation, and encoding refer to the construction of identity as it is experienced in the contemporary era.<\/p>\n<\/div><\/div><\/div>\n<\/div><\/div>\n<\/div><\/div><\/div>\n\n\n\n<div class=\"wp-block-stackable-column stk-block-column stk-column stk-block stk-e309a0e stk-block-background\" data-v=\"4\" data-block-id=\"e309a0e\"><style>.stk-e309a0e-container{margin-top:0px !important;margin-right:0px !important;margin-bottom:0px !important;margin-left:0px !important;}.stk-e309a0e {background-color:var(--theme-palette-color-8, #ffffff) !important;box-shadow:0px 20px 80px 0px #c1c7d44d !important;padding-top:0px !important;padding-right:0px !important;padding-bottom:0px !important;padding-left:0px !important;margin-bottom:var(--stk--preset--spacing--50, 1.5rem) !important;}.stk-e309a0e:before{background-color:var(--theme-palette-color-8, #ffffff) !important;}<\/style><div class=\"stk-column-wrapper stk-block-column__content stk-container stk-e309a0e-container stk--no-background stk--no-padding\"><div class=\"stk-block-content stk-inner-blocks stk-e309a0e-inner-blocks\">\n<div class=\"wp-block-stackable-columns stk-block-columns stk-block stk-bb9cc4f\" data-block-id=\"bb9cc4f\"><style>.stk-bb9cc4f {margin-bottom:0px !important;}<\/style><div class=\"stk-row stk-inner-blocks stk-block-content stk-content-align stk-bb9cc4f-column\">\n<div class=\"wp-block-stackable-column stk-block-column stk-column stk-block stk-1fada40\" data-v=\"4\" data-block-id=\"1fada40\"><style>.stk-1fada40-container{margin-top:0px !important;margin-right:0px !important;margin-bottom:0px !important;margin-left:0px !important;}<\/style><div class=\"stk-column-wrapper stk-block-column__content stk-container stk-1fada40-container stk--no-background stk--no-padding\"><div class=\"stk-block-content stk-inner-blocks stk-1fada40-inner-blocks\"><\/div><\/div><\/div>\n<\/div><\/div>\n\n\n\n<div class=\"wp-block-stackable-columns stk-block-columns stk-block stk-6e138ed\" data-block-id=\"6e138ed\"><div class=\"stk-row stk-inner-blocks stk-block-content stk-content-align stk-6e138ed-column\">\n<div class=\"wp-block-stackable-column stk-block-column stk-column stk-block stk-dcae1cd\" data-v=\"4\" data-block-id=\"dcae1cd\"><style>.stk-dcae1cd-container{margin-top:0px !important;margin-right:0px !important;margin-bottom:0px !important;margin-left:0px !important;}.stk-dcae1cd {padding-top:45px !important;padding-right:45px !important;padding-bottom:45px !important;padding-left:45px !important;}@media screen and (max-width:999px){.stk-dcae1cd {padding-top:35px !important;padding-right:35px !important;padding-bottom:35px !important;padding-left:35px !important;}}<\/style><div class=\"stk-column-wrapper stk-block-column__content stk-container stk-dcae1cd-container stk--no-background stk--no-padding\"><div class=\"stk-block-content stk-inner-blocks stk-dcae1cd-inner-blocks\">\n<div class=\"wp-block-stackable-heading stk-block-heading stk-block-heading--v2 stk-block stk-a66cc12\" id=\"fr\" data-block-id=\"a66cc12\"><style>.stk-a66cc12 {margin-bottom:20px !important;}@media screen and (max-width:999px){.stk-a66cc12 .stk-block-heading__text{font-size:20px !important;}}<\/style><h4 class=\"stk-block-heading__text has-text-align-center-mobile\">FR<\/h4><\/div>\n\n\n\n<div class=\"wp-block-stackable-text stk-block-text stk-block stk-edddbe3\" data-block-id=\"edddbe3\"><style>.stk-edddbe3 {margin-bottom:30px !important;}<\/style><p class=\"stk-block-text__text has-text-align-center-mobile\">Emmanuel Lagarrigue a \u00e9t\u00e9 form\u00e9 \u00e0 la musique au Conservatoire de Strasbourg, avant de se diriger vers les arts plastiques. Le son est rest\u00e9 un \u00e9l\u00e9ment important de son travail. Passionn\u00e9 de litt\u00e9rature et de cin\u00e9ma, sont travail l\u2019a toujours amen\u00e9 \u00e0 collaborer avec de nombreux artistes de toutes disciplines (\u00e9crivains, danseurs, acteurs, musiciens \u2026). Ses installations immersives ont \u00e9t\u00e9 montr\u00e9es dans de nombreux mus\u00e9es (Centre Georges Pompidou, Palais de Tokyo, Grand Palais, Friche Belle de mai, Song-Eun Museum \u00e0 S\u00e9oul, West Bund \u00e0 Shanghai \u2026). Il a aussi, ces derni\u00e8res ann\u00e9es, beaucoup travaill\u00e9 en lien avec le spectacle vivant&nbsp;: apr\u00e8s une cr\u00e9ation sc\u00e9nique et chor\u00e9graphique \u00e0 L\u2019Onde, il a cr\u00e9\u00e9 un seul-en-sc\u00e8ne pour Isabelle Adjani avec l\u2019\u00e9crivain Olivier Steiner, et r\u00e9alise de nombreuses collaborations au plateau (<em>Diego<\/em>&nbsp;de Barth\u00e9l\u00e9my Fortier au Festival d\u2019Avignon,&nbsp;<em>United Snakes<\/em>&nbsp;de M\u00e9lanie Menu au Th\u00e9\u00e2tre de l\u2019Atelier \u2026). Avec la&nbsp;<em>Compagnie du Dehors<\/em>, il pr\u00e9pare des installations-textes sur des textes de Christophe Pellet, Elsa Boyer, Alban Lefranc \u2026 Son premier court-m\u00e9trage est sorti en 2026.<\/p><\/div>\n\n\n\n<p>\u2014\u2014\u2014\u2014\u2014\u2014\u2014\u2014<\/p>\n\n\n\n<p>Le travail d&#8217;Emmanuel Lagarrigue se d\u00e9veloppe autour des th\u00e8mes centraux que sont le langage, le temps, la m\u00e9moire, l\u2019exp\u00e9rience et la perception. Il interroge particuli\u00e8rement les processus de construction individuelle et soci\u00e9tale, dans leurs relations aux \u00e9l\u00e9ments ext\u00e9rieurs comme dans la dimension de leur transmission et de leur partage.&nbsp;<\/p>\n\n\n\n<p>Que ce soit par la sculpture ou par l\u2019installation, la plupart de ses travaux pose la question du partage et de la communication des exp\u00e9riences et des connaissances. Il travaille \u00e0 trouver la mani\u00e8re dont il est possible d\u2019 \u00ab augmenter \u00bb l\u2019existence d\u2019une \u0153uvre en la faisant vivre hors de son domaine d\u2019origine, en lui proposant une vie \u00ab \u00e9largie \u00bb. Il aime penser son travail comme une interface entre la dimension libre de la cr\u00e9ation et la dimension concr\u00e8te de la vie en situation, par des \u0153uvres totalement en prise avec leur contexte d\u2019existence, pens\u00e9es comme de v\u00e9ritables moyens d\u2019investigation sur le r\u00e9el.<\/p>\n\n\n\n<p>La pens\u00e9e de l\u2019\u00eatre-ensemble, du commun, de ce qui nous unit et nous d\u00e9finit dans le m\u00eame temps, de ce qui passe entre nous et fait de nous un groupe, est la dimension principale qu\u2019il aime interroger. Il aime la rechercher, la d\u00e9couvrir et la pr\u00e9senter, amener les gens \u00e0 la reconna\u00eetre et \u00e0 la vivre ensemble.&nbsp;<\/p>\n\n\n\n<p>L\u2019exploration du langage en est un marqueur important. \u00c0 travers son utilisation \u00e9crite, parl\u00e9e, et par l\u2019impact physique qu&#8217;il lui conf\u00e8re dans ses sculptures et installations, Emmanuel Lagarrigue cherche \u00e0 d\u00e9velopper un univers hypertextuel o\u00f9 les processus de transformation, de traduction et d\u2019encodage renvoient \u00e0 la construction de l\u2019identit\u00e9 telle qu\u2019elle est v\u00e9cue \u00e0 l\u2019\u00e9poque contemporaine.&nbsp;<\/p>\n<\/div><\/div><\/div>\n<\/div><\/div>\n<\/div><\/div><\/div>\n<\/div><\/div>\n<\/div><\/div><\/div>\n<\/div><\/div>\n\n\n\n<p><\/p>\n","protected":false},"excerpt":{"rendered":"<p>ABOUT ENG Emmanuel Lagarrigue trained in music at the Strasbourg Conservatory before turning to the visual arts. Sound has remained an important element of his work. Passionate about literature and cinema, his work has always led him to collaborate with numerous artists from all disciplines (writers, dancers, actors, musicians, etc.). His immersive installations have been [&hellip;]<\/p>\n","protected":false},"author":1,"featured_media":0,"parent":0,"menu_order":0,"comment_status":"closed","ping_status":"closed","template":"","meta":{"footnotes":""},"class_list":["post-444","page","type-page","status-publish","hentry"],"blocksy_meta":{"styles_descriptor":{"styles":{"desktop":"","tablet":"","mobile":""},"google_fonts":[],"version":6},"page_title_panel":"","has_hero_section":"disabled","1b1bc510da0b5a88cb9b7ed93f00c629":"","hero_section":"type-1","hero_elements":[{"id":"custom_title","enabled":true,"heading_tag":"h1","title":"Home"},{"id":"custom_description","enabled":true,"description_visibility":{"desktop":true,"tablet":true,"mobile":false}},{"id":"custom_meta","enabled":false,"meta_elements":[{"id":"author","enabled":true,"label":"By","has_author_avatar":"yes","avatar_size":25},{"id":"post_date","enabled":true,"label":"On","date_format_source":"default","date_format":"M j, Y"},{"id":"updated_date","enabled":false,"label":"On","date_format_source":"default","date_format":"M j, Y"},{"id":"categories","enabled":false,"label":"In","style":"simple"},{"id":"comments","enabled":true}],"page_meta_elements":{"joined":true,"articles_count":true,"comments":true}},{"id":"breadcrumbs","enabled":false}],"286cfdb6c0241dcaa15535495e883135":"","hero_alignment1":"CT_CSS_SKIP_RULE","hero_margin":40,"hero_alignment2":"center","hero_vertical_alignment":"center","84b0928854319ab1b56ce62e7e313d0e":"","hero_structure":"narrow","c4112b1d77055bcc79fd907551fab6d0":"","page_title_bg_type":"featured_image","custom_hero_background":{"attachment_id":null},"page_title_image_size":"full","parallax":{"desktop":false,"tablet":false,"mobile":false},"9ea6040429a2faf21ad1412e3c6fa02a":"","hero_height":"250px","pageTitleFont":{"family":"Default","variation":"Default","size":"30px","line-height":"CT_CSS_SKIP_RULE","letter-spacing":"CT_CSS_SKIP_RULE","text-transform":"CT_CSS_SKIP_RULE","text-decoration":"CT_CSS_SKIP_RULE"},"pageTitleFontColor":{"default":{"color":"CT_CSS_SKIP_RULEDEFAULT"}},"pageMetaFont":{"family":"Default","variation":"n6","size":"12px","line-height":"1.3","letter-spacing":"CT_CSS_SKIP_RULE","text-transform":"uppercase","text-decoration":"CT_CSS_SKIP_RULE"},"pageMetaFontColor":{"default":{"color":"CT_CSS_SKIP_RULEDEFAULT"},"hover":{"color":"CT_CSS_SKIP_RULEDEFAULT"}},"page_meta_button_type_font_colors":{"default":{"color":"CT_CSS_SKIP_RULEDEFAULT"},"hover":{"color":"CT_CSS_SKIP_RULEDEFAULT"}},"page_meta_button_type_background_colors":{"default":{"color":"CT_CSS_SKIP_RULEDEFAULT"},"hover":{"color":"CT_CSS_SKIP_RULEDEFAULT"}},"pageExcerptFont":{"family":"Default","variation":"Default","size":"CT_CSS_SKIP_RULE","line-height":"CT_CSS_SKIP_RULE","letter-spacing":"CT_CSS_SKIP_RULE","text-transform":"CT_CSS_SKIP_RULE","text-decoration":"CT_CSS_SKIP_RULE"},"pageExcerptColor":{"default":{"color":"CT_CSS_SKIP_RULEDEFAULT"}},"breadcrumbsFont":{"family":"Default","variation":"Default","size":"CT_CSS_SKIP_RULE","line-height":"CT_CSS_SKIP_RULE","letter-spacing":"CT_CSS_SKIP_RULE","text-transform":"CT_CSS_SKIP_RULE","text-decoration":"CT_CSS_SKIP_RULE"},"breadcrumbsFontColor":{"default":{"color":"CT_CSS_SKIP_RULEDEFAULT"},"initial":{"color":"CT_CSS_SKIP_RULEDEFAULT"},"hover":{"color":"CT_CSS_SKIP_RULEDEFAULT"}},"pageTitleOverlay":{"background_type":"color","background_pattern":"type-1","background_image":{"attachment_id":null,"x":0,"y":0},"gradient":"linear-gradient(135deg,rgba(6,147,227,1) 0%,rgb(155,81,224) 100%)","background_repeat":"repeat","background_size":"auto","background_attachment":"scroll","patternColor":{"default":{"color":"#e5e7ea"}},"overlayColor":{"default":{"color":"CT_CSS_SKIP_RULE"}},"backgroundColor":{"default":{"color":"CT_CSS_SKIP_RULE"}}},"pageTitleBackground":{"background_type":"color","background_pattern":"type-1","background_image":{"attachment_id":null,"x":0,"y":0},"gradient":"linear-gradient(135deg,rgba(6,147,227,1) 0%,rgb(155,81,224) 100%)","background_repeat":"repeat","background_size":"auto","background_attachment":"scroll","patternColor":{"default":{"color":"#e5e7ea"}},"overlayColor":{"default":{"color":"CT_CSS_SKIP_RULE"}},"backgroundColor":{"default":{"color":"var(--theme-palette-color-6)"}}},"pageTitlePadding":{"top":"50px","bottom":"50px","left":"auto","right":"auto","linked":true},"d2810a35cbd0d7e0f622494ed16f3d6c":"","page_structure_type":"default","a13a10446dca4b96bf4a75313dd6d445":"","content_style_source":"inherit","content_style":"wide","vertical_spacing_source":"custom","content_area_spacing":"none","background":{"background_type":"color","background_pattern":"type-1","background_image":{"attachment_id":null,"x":0,"y":0},"gradient":"linear-gradient(135deg,rgba(6,147,227,1) 0%,rgb(155,81,224) 100%)","background_repeat":"repeat","background_size":"auto","background_attachment":"scroll","patternColor":{"default":{"color":"#e5e7ea"}},"overlayColor":{"default":{"color":"CT_CSS_SKIP_RULE"}},"backgroundColor":{"default":{"color":"CT_CSS_SKIP_RULE"}}},"content_background":{"background_type":"color","background_pattern":"type-1","background_image":{"attachment_id":null,"x":0,"y":0},"gradient":"linear-gradient(135deg,rgba(6,147,227,1) 0%,rgb(155,81,224) 100%)","background_repeat":"repeat","background_size":"auto","background_attachment":"scroll","patternColor":{"default":{"color":"#e5e7ea"}},"overlayColor":{"default":{"color":"CT_CSS_SKIP_RULE"}},"backgroundColor":{"default":{"color":"var(--theme-palette-color-8)"}}},"content_boxed_shadow":{"inherit":false,"blur":18,"spread":-6,"v_offset":12,"h_offset":0,"inset":false,"enable":true,"color":{"color":"rgba(34, 56, 101, 0.04)"}},"boxed_content_spacing":{"desktop":{"top":"40px","bottom":"40px","left":"40px","right":"40px","linked":true},"tablet":{"top":"35px","bottom":"35px","left":"35px","right":"35px","linked":true},"mobile":{"top":"20px","bottom":"20px","left":"20px","right":"20px","linked":true}},"content_boxed_radius":{"top":"3px","bottom":"3px","left":"3px","right":"3px","linked":true},"dcc8d3a762d7b0ff9c0a8b95b660c9c6":"","disable_featured_image":"no","disable_share_box":"no","disable_header":"no","disable_footer":"no"},"_links":{"self":[{"href":"https:\/\/www.emmanuellagarrigue.com\/index.php\/wp-json\/wp\/v2\/pages\/444","targetHints":{"allow":["GET"]}}],"collection":[{"href":"https:\/\/www.emmanuellagarrigue.com\/index.php\/wp-json\/wp\/v2\/pages"}],"about":[{"href":"https:\/\/www.emmanuellagarrigue.com\/index.php\/wp-json\/wp\/v2\/types\/page"}],"author":[{"embeddable":true,"href":"https:\/\/www.emmanuellagarrigue.com\/index.php\/wp-json\/wp\/v2\/users\/1"}],"replies":[{"embeddable":true,"href":"https:\/\/www.emmanuellagarrigue.com\/index.php\/wp-json\/wp\/v2\/comments?post=444"}],"version-history":[{"count":11,"href":"https:\/\/www.emmanuellagarrigue.com\/index.php\/wp-json\/wp\/v2\/pages\/444\/revisions"}],"predecessor-version":[{"id":606,"href":"https:\/\/www.emmanuellagarrigue.com\/index.php\/wp-json\/wp\/v2\/pages\/444\/revisions\/606"}],"wp:attachment":[{"href":"https:\/\/www.emmanuellagarrigue.com\/index.php\/wp-json\/wp\/v2\/media?parent=444"}],"curies":[{"name":"wp","href":"https:\/\/api.w.org\/{rel}","templated":true}]}}